{"id":23,"date":"2013-08-08T10:51:37","date_gmt":"2013-08-08T10:51:37","guid":{"rendered":"http:\/\/dayos-traum.de\/?page_id=23"},"modified":"2013-08-14T07:51:35","modified_gmt":"2013-08-14T07:51:35","slug":"swinit","status":"publish","type":"page","link":"https:\/\/dayos-traum.de\/?page_id=23","title":{"rendered":"Swinit"},"content":{"rendered":"<p style=\"text-align: center;\">\u00a0\t\t\t\t\t<div class=\"gallery_box_single\">\n\t\t\t\t\t\t<p class=\"not_found\">Entschuldigung, nichts gefunden.<\/p>\n\t\t\t\t\t<\/div><!-- .gallery_box_single -->\n\t\t\t\t\t<\/p>\n<p style=\"text-align: center;\">Das bin dann wohl ich, also Swinit, also \u00e4\u00e4\u00e4\u00e4h ja, diejenige, die sich hier hin und wieder nach und nach, neben der feinen Dame Dayo, auch zu Wort melden wird&#8230;.Ich w\u00fcnsche Euch ganz viel Spa\u00df auf diesem Blog<\/p>\n<p style=\"text-align: center;\">\ud83d\ude42<\/p>\n<p style=\"text-align: center;\">Und \u00fcbrigens diese wunderbaren Fotos verdanke ich einem sehr guten Freund und Fotografen , der im \u00fcbrigen immer wieder gern auf der Suche nach Modellen und Lost Places ist \ud83d\ude42<\/p>\n<p style=\"text-align: center;\">Seine Facebook-Seite findet ihr unten im Blogroll oder einfach hier die Website :\u00a0<a href=\"http:\/\/jonas-albrecht.de\/home\">http:\/\/jonas-albrecht.de\/home<\/a><\/p>\n","protected":false},"excerpt":{"rendered":"<p>\u00a0 Das bin dann wohl ich, also Swinit, also \u00e4\u00e4\u00e4\u00e4h ja, diejenige, die sich hier hin und wieder nach und nach, neben der feinen Dame Dayo, auch zu Wort melden wird&#8230;.Ich w\u00fcnsche Euch ganz viel Spa\u00df auf diesem Blog \ud83d\ude42 Und \u00fcbrigens diese wunderbaren Fotos verdanke ich einem sehr guten Freund und Fotografen , der<a class=\"read-more \" href=\"https:\/\/dayos-traum.de\/?page_id=23\" title=\"Read More\"> <span class=\"button default\">Read More<\/span><\/a><\/p>\n","protected":false},"author":2,"featured_media":0,"parent":0,"menu_order":0,"comment_status":"open","ping_status":"closed","template":"","meta":{"footnotes":""},"class_list":["post-23","page","type-page","status-publish","hentry"],"_links":{"self":[{"href":"https:\/\/dayos-traum.de\/index.php?rest_route=\/wp\/v2\/pages\/23","targetHints":{"allow":["GET"]}}],"collection":[{"href":"https:\/\/dayos-traum.de\/index.php?rest_route=\/wp\/v2\/pages"}],"about":[{"href":"https:\/\/dayos-traum.de\/index.php?rest_route=\/wp\/v2\/types\/page"}],"author":[{"embeddable":true,"href":"https:\/\/dayos-traum.de\/index.php?rest_route=\/wp\/v2\/users\/2"}],"replies":[{"embeddable":true,"href":"https:\/\/dayos-traum.de\/index.php?rest_route=%2Fwp%2Fv2%2Fcomments&post=23"}],"version-history":[{"count":12,"href":"https:\/\/dayos-traum.de\/index.php?rest_route=\/wp\/v2\/pages\/23\/revisions"}],"predecessor-version":[{"id":157,"href":"https:\/\/dayos-traum.de\/index.php?rest_route=\/wp\/v2\/pages\/23\/revisions\/157"}],"wp:attachment":[{"href":"https:\/\/dayos-traum.de\/index.php?rest_route=%2Fwp%2Fv2%2Fmedia&parent=23"}],"curies":[{"name":"wp","href":"https:\/\/api.w.org\/{rel}","templated":true}]}}